{"id":51,"date":"2016-07-14T09:42:06","date_gmt":"2016-07-14T09:42:06","guid":{"rendered":"http:\/\/localhost:8888\/fytisa_web\/es\/?page_id=51"},"modified":"2016-07-18T10:47:34","modified_gmt":"2016-07-18T08:47:34","slug":"home","status":"publish","type":"page","link":"https:\/\/www.fytisa.com\/es\/","title":{"rendered":"HOME"},"content":{"rendered":"","protected":false},"excerpt":{"rendered":"","protected":false},"author":1,"featured_media":0,"parent":0,"menu_order":0,"comment_status":"closed","ping_status":"closed","template":"front-page.php","meta":{"footnotes":""},"class_list":["post-51","page","type-page","status-publish","hentry"],"yoast_head":"<!-- This site is optimized with the Yoast SEO plugin v24.4 - https:\/\/yoast.com\/wordpress\/plugins\/seo\/ -->\n<title>HOME - Fytisa<\/title>\n<meta name=\"description\" content=\"FYTISA fabrica y comercializa fieltros y tejidos industriales sint\u00e9ticos desde el 1964. Estamos especializados en suministrar soluciones para el sector automoci\u00f3n como tambi\u00e9n para sectores industriales como filtraci\u00f3n, decoraci\u00f3n, calzado, bordados, manualidades, tacos, impresi\u00f3n digital\" \/>\n<meta name=\"robots\" content=\"index, follow, max-snippet:-1, max-image-preview:large, max-video-preview:-1\" \/>\n<link rel=\"canonical\" href=\"https:\/\/www.fytisa.com\/es\/\" \/>\n<meta property=\"og:locale\" content=\"es_ES\" \/>\n<meta property=\"og:type\" content=\"article\" \/>\n<meta property=\"og:title\" content=\"HOME - Fytisa\" \/>\n<meta property=\"og:description\" content=\"FYTISA fabrica y comercializa fieltros y tejidos industriales sint\u00e9ticos desde el 1964. Estamos especializados en suministrar soluciones para el sector automoci\u00f3n como tambi\u00e9n para sectores industriales como filtraci\u00f3n, decoraci\u00f3n, calzado, bordados, manualidades, tacos, impresi\u00f3n digital\" \/>\n<meta property=\"og:url\" content=\"https:\/\/www.fytisa.com\/es\/\" \/>\n<meta property=\"og:site_name\" content=\"Fytisa\" \/>\n<meta property=\"article:modified_time\" content=\"2016-07-18T08:47:34+00:00\" \/>\n<meta name=\"twitter:card\" content=\"summary_large_image\" \/>\n<script type=\"application\/ld+json\" class=\"yoast-schema-graph\">{\"@context\":\"https:\/\/schema.org\",\"@graph\":[{\"@type\":\"WebPage\",\"@id\":\"https:\/\/www.fytisa.com\/es\/\",\"url\":\"https:\/\/www.fytisa.com\/es\/\",\"name\":\"HOME - Fytisa\",\"isPartOf\":{\"@id\":\"https:\/\/www.fytisa.com\/#website\"},\"datePublished\":\"2016-07-14T09:42:06+00:00\",\"dateModified\":\"2016-07-18T08:47:34+00:00\",\"description\":\"FYTISA fabrica y comercializa fieltros y tejidos industriales sint\u00e9ticos desde el 1964. Estamos especializados en suministrar soluciones para el sector automoci\u00f3n como tambi\u00e9n para sectores industriales como filtraci\u00f3n, decoraci\u00f3n, calzado, bordados, manualidades, tacos, impresi\u00f3n digital\",\"breadcrumb\":{\"@id\":\"https:\/\/www.fytisa.com\/es\/#breadcrumb\"},\"inLanguage\":\"es\",\"potentialAction\":[{\"@type\":\"ReadAction\",\"target\":[\"https:\/\/www.fytisa.com\/es\/\"]}]},{\"@type\":\"BreadcrumbList\",\"@id\":\"https:\/\/www.fytisa.com\/es\/#breadcrumb\",\"itemListElement\":[{\"@type\":\"ListItem\",\"position\":1,\"name\":\"Home\",\"item\":\"https:\/\/www.fytisa.com\/es\/\"},{\"@type\":\"ListItem\",\"position\":2,\"name\":\"HOME\"}]},{\"@type\":\"WebSite\",\"@id\":\"https:\/\/www.fytisa.com\/#website\",\"url\":\"https:\/\/www.fytisa.com\/\",\"name\":\"Fytisa\",\"description\":\"Fieltros y tejidos industriales\",\"potentialAction\":[{\"@type\":\"SearchAction\",\"target\":{\"@type\":\"EntryPoint\",\"urlTemplate\":\"https:\/\/www.fytisa.com\/?s={search_term_string}\"},\"query-input\":{\"@type\":\"PropertyValueSpecification\",\"valueRequired\":true,\"valueName\":\"search_term_string\"}}],\"inLanguage\":\"es\"}]}<\/script>\n<!-- \/ Yoast SEO plugin. -->","yoast_head_json":{"title":"HOME - Fytisa","description":"FYTISA fabrica y comercializa fieltros y tejidos industriales sint\u00e9ticos desde el 1964. Estamos especializados en suministrar soluciones para el sector automoci\u00f3n como tambi\u00e9n para sectores industriales como filtraci\u00f3n, decoraci\u00f3n, calzado, bordados, manualidades, tacos, impresi\u00f3n digital","robots":{"index":"index","follow":"follow","max-snippet":"max-snippet:-1","max-image-preview":"max-image-preview:large","max-video-preview":"max-video-preview:-1"},"canonical":"https:\/\/www.fytisa.com\/es\/","og_locale":"es_ES","og_type":"article","og_title":"HOME - Fytisa","og_description":"FYTISA fabrica y comercializa fieltros y tejidos industriales sint\u00e9ticos desde el 1964. Estamos especializados en suministrar soluciones para el sector automoci\u00f3n como tambi\u00e9n para sectores industriales como filtraci\u00f3n, decoraci\u00f3n, calzado, bordados, manualidades, tacos, impresi\u00f3n digital","og_url":"https:\/\/www.fytisa.com\/es\/","og_site_name":"Fytisa","article_modified_time":"2016-07-18T08:47:34+00:00","twitter_card":"summary_large_image","schema":{"@context":"https:\/\/schema.org","@graph":[{"@type":"WebPage","@id":"https:\/\/www.fytisa.com\/es\/","url":"https:\/\/www.fytisa.com\/es\/","name":"HOME - Fytisa","isPartOf":{"@id":"https:\/\/www.fytisa.com\/#website"},"datePublished":"2016-07-14T09:42:06+00:00","dateModified":"2016-07-18T08:47:34+00:00","description":"FYTISA fabrica y comercializa fieltros y tejidos industriales sint\u00e9ticos desde el 1964. Estamos especializados en suministrar soluciones para el sector automoci\u00f3n como tambi\u00e9n para sectores industriales como filtraci\u00f3n, decoraci\u00f3n, calzado, bordados, manualidades, tacos, impresi\u00f3n digital","breadcrumb":{"@id":"https:\/\/www.fytisa.com\/es\/#breadcrumb"},"inLanguage":"es","potentialAction":[{"@type":"ReadAction","target":["https:\/\/www.fytisa.com\/es\/"]}]},{"@type":"BreadcrumbList","@id":"https:\/\/www.fytisa.com\/es\/#breadcrumb","itemListElement":[{"@type":"ListItem","position":1,"name":"Home","item":"https:\/\/www.fytisa.com\/es\/"},{"@type":"ListItem","position":2,"name":"HOME"}]},{"@type":"WebSite","@id":"https:\/\/www.fytisa.com\/#website","url":"https:\/\/www.fytisa.com\/","name":"Fytisa","description":"Fieltros y tejidos industriales","potentialAction":[{"@type":"SearchAction","target":{"@type":"EntryPoint","urlTemplate":"https:\/\/www.fytisa.com\/?s={search_term_string}"},"query-input":{"@type":"PropertyValueSpecification","valueRequired":true,"valueName":"search_term_string"}}],"inLanguage":"es"}]}},"_links":{"self":[{"href":"https:\/\/www.fytisa.com\/es\/wp-json\/wp\/v2\/pages\/51"}],"collection":[{"href":"https:\/\/www.fytisa.com\/es\/wp-json\/wp\/v2\/pages"}],"about":[{"href":"https:\/\/www.fytisa.com\/es\/wp-json\/wp\/v2\/types\/page"}],"author":[{"embeddable":true,"href":"https:\/\/www.fytisa.com\/es\/wp-json\/wp\/v2\/users\/1"}],"replies":[{"embeddable":true,"href":"https:\/\/www.fytisa.com\/es\/wp-json\/wp\/v2\/comments?post=51"}],"version-history":[{"count":1,"href":"https:\/\/www.fytisa.com\/es\/wp-json\/wp\/v2\/pages\/51\/revisions"}],"predecessor-version":[{"id":52,"href":"https:\/\/www.fytisa.com\/es\/wp-json\/wp\/v2\/pages\/51\/revisions\/52"}],"wp:attachment":[{"href":"https:\/\/www.fytisa.com\/es\/wp-json\/wp\/v2\/media?parent=51"}],"curies":[{"name":"wp","href":"https:\/\/api.w.org\/{rel}","templated":true}]}}