{"id":38,"date":"2016-07-13T15:46:04","date_gmt":"2016-07-13T15:46:04","guid":{"rendered":"http:\/\/localhost:8888\/fytisa_web\/es\/?page_id=38"},"modified":"2016-07-18T10:50:16","modified_gmt":"2016-07-18T08:50:16","slug":"mercados","status":"publish","type":"page","link":"https:\/\/www.fytisa.com\/es\/mercados\/","title":{"rendered":"MERCADOS"},"content":{"rendered":"","protected":false},"excerpt":{"rendered":"","protected":false},"author":1,"featured_media":0,"parent":0,"menu_order":0,"comment_status":"closed","ping_status":"closed","template":"page-markets.php","meta":{"footnotes":""},"class_list":["post-38","page","type-page","status-publish","hentry"],"yoast_head":"<!-- This site is optimized with the Yoast SEO plugin v24.4 - https:\/\/yoast.com\/wordpress\/plugins\/seo\/ -->\n<title>MERCADOS - Fytisa<\/title>\n<meta name=\"description\" content=\"Nuestra empresa est\u00e1 especializada en fieltros t\u00e9cnicos e industriales sint\u00e9ticos para diversas industrias. Nuestros productos est\u00e1ndares y a medida se utilizan en sectores como automoci\u00f3n, maquinaria industrial, filtraci\u00f3n, impresi\u00f3n digital, decoraci\u00f3n, calzado, depilaci\u00f3n, confecci\u00f3n y bordados. Adem\u00e1s estamos especializados en tratamientos como la impregnaci\u00f3n, hidropelencia, anti-peeling, anti-slip, ecoclean, ecoresistant, formaldehidos como tambi\u00e9n en acabados diversos como calandrado, estampado y termofusible\" \/>\n<meta name=\"robots\" content=\"index, follow, max-snippet:-1, max-image-preview:large, max-video-preview:-1\" \/>\n<link rel=\"canonical\" href=\"https:\/\/www.fytisa.com\/es\/mercados\/\" \/>\n<meta property=\"og:locale\" content=\"es_ES\" \/>\n<meta property=\"og:type\" content=\"article\" \/>\n<meta property=\"og:title\" content=\"MERCADOS - Fytisa\" \/>\n<meta property=\"og:description\" content=\"Nuestra empresa est\u00e1 especializada en fieltros t\u00e9cnicos e industriales sint\u00e9ticos para diversas industrias. Nuestros productos est\u00e1ndares y a medida se utilizan en sectores como automoci\u00f3n, maquinaria industrial, filtraci\u00f3n, impresi\u00f3n digital, decoraci\u00f3n, calzado, depilaci\u00f3n, confecci\u00f3n y bordados. Adem\u00e1s estamos especializados en tratamientos como la impregnaci\u00f3n, hidropelencia, anti-peeling, anti-slip, ecoclean, ecoresistant, formaldehidos como tambi\u00e9n en acabados diversos como calandrado, estampado y termofusible\" \/>\n<meta property=\"og:url\" content=\"https:\/\/www.fytisa.com\/es\/mercados\/\" \/>\n<meta property=\"og:site_name\" content=\"Fytisa\" \/>\n<meta property=\"article:modified_time\" content=\"2016-07-18T08:50:16+00:00\" \/>\n<meta name=\"twitter:card\" content=\"summary_large_image\" \/>\n<script type=\"application\/ld+json\" class=\"yoast-schema-graph\">{\"@context\":\"https:\/\/schema.org\",\"@graph\":[{\"@type\":\"WebPage\",\"@id\":\"https:\/\/www.fytisa.com\/es\/mercados\/\",\"url\":\"https:\/\/www.fytisa.com\/es\/mercados\/\",\"name\":\"MERCADOS - Fytisa\",\"isPartOf\":{\"@id\":\"https:\/\/www.fytisa.com\/#website\"},\"datePublished\":\"2016-07-13T15:46:04+00:00\",\"dateModified\":\"2016-07-18T08:50:16+00:00\",\"description\":\"Nuestra empresa est\u00e1 especializada en fieltros t\u00e9cnicos e industriales sint\u00e9ticos para diversas industrias. Nuestros productos est\u00e1ndares y a medida se utilizan en sectores como automoci\u00f3n, maquinaria industrial, filtraci\u00f3n, impresi\u00f3n digital, decoraci\u00f3n, calzado, depilaci\u00f3n, confecci\u00f3n y bordados. Adem\u00e1s estamos especializados en tratamientos como la impregnaci\u00f3n, hidropelencia, anti-peeling, anti-slip, ecoclean, ecoresistant, formaldehidos como tambi\u00e9n en acabados diversos como calandrado, estampado y termofusible\",\"breadcrumb\":{\"@id\":\"https:\/\/www.fytisa.com\/es\/mercados\/#breadcrumb\"},\"inLanguage\":\"es\",\"potentialAction\":[{\"@type\":\"ReadAction\",\"target\":[\"https:\/\/www.fytisa.com\/es\/mercados\/\"]}]},{\"@type\":\"BreadcrumbList\",\"@id\":\"https:\/\/www.fytisa.com\/es\/mercados\/#breadcrumb\",\"itemListElement\":[{\"@type\":\"ListItem\",\"position\":1,\"name\":\"Home\",\"item\":\"https:\/\/www.fytisa.com\/es\/\"},{\"@type\":\"ListItem\",\"position\":2,\"name\":\"MERCADOS\"}]},{\"@type\":\"WebSite\",\"@id\":\"https:\/\/www.fytisa.com\/#website\",\"url\":\"https:\/\/www.fytisa.com\/\",\"name\":\"Fytisa\",\"description\":\"Fieltros y tejidos industriales\",\"potentialAction\":[{\"@type\":\"SearchAction\",\"target\":{\"@type\":\"EntryPoint\",\"urlTemplate\":\"https:\/\/www.fytisa.com\/?s={search_term_string}\"},\"query-input\":{\"@type\":\"PropertyValueSpecification\",\"valueRequired\":true,\"valueName\":\"search_term_string\"}}],\"inLanguage\":\"es\"}]}<\/script>\n<!-- \/ Yoast SEO plugin. -->","yoast_head_json":{"title":"MERCADOS - Fytisa","description":"Nuestra empresa est\u00e1 especializada en fieltros t\u00e9cnicos e industriales sint\u00e9ticos para diversas industrias. Nuestros productos est\u00e1ndares y a medida se utilizan en sectores como automoci\u00f3n, maquinaria industrial, filtraci\u00f3n, impresi\u00f3n digital, decoraci\u00f3n, calzado, depilaci\u00f3n, confecci\u00f3n y bordados. Adem\u00e1s estamos especializados en tratamientos como la impregnaci\u00f3n, hidropelencia, anti-peeling, anti-slip, ecoclean, ecoresistant, formaldehidos como tambi\u00e9n en acabados diversos como calandrado, estampado y termofusible","robots":{"index":"index","follow":"follow","max-snippet":"max-snippet:-1","max-image-preview":"max-image-preview:large","max-video-preview":"max-video-preview:-1"},"canonical":"https:\/\/www.fytisa.com\/es\/mercados\/","og_locale":"es_ES","og_type":"article","og_title":"MERCADOS - Fytisa","og_description":"Nuestra empresa est\u00e1 especializada en fieltros t\u00e9cnicos e industriales sint\u00e9ticos para diversas industrias. Nuestros productos est\u00e1ndares y a medida se utilizan en sectores como automoci\u00f3n, maquinaria industrial, filtraci\u00f3n, impresi\u00f3n digital, decoraci\u00f3n, calzado, depilaci\u00f3n, confecci\u00f3n y bordados. Adem\u00e1s estamos especializados en tratamientos como la impregnaci\u00f3n, hidropelencia, anti-peeling, anti-slip, ecoclean, ecoresistant, formaldehidos como tambi\u00e9n en acabados diversos como calandrado, estampado y termofusible","og_url":"https:\/\/www.fytisa.com\/es\/mercados\/","og_site_name":"Fytisa","article_modified_time":"2016-07-18T08:50:16+00:00","twitter_card":"summary_large_image","schema":{"@context":"https:\/\/schema.org","@graph":[{"@type":"WebPage","@id":"https:\/\/www.fytisa.com\/es\/mercados\/","url":"https:\/\/www.fytisa.com\/es\/mercados\/","name":"MERCADOS - Fytisa","isPartOf":{"@id":"https:\/\/www.fytisa.com\/#website"},"datePublished":"2016-07-13T15:46:04+00:00","dateModified":"2016-07-18T08:50:16+00:00","description":"Nuestra empresa est\u00e1 especializada en fieltros t\u00e9cnicos e industriales sint\u00e9ticos para diversas industrias. Nuestros productos est\u00e1ndares y a medida se utilizan en sectores como automoci\u00f3n, maquinaria industrial, filtraci\u00f3n, impresi\u00f3n digital, decoraci\u00f3n, calzado, depilaci\u00f3n, confecci\u00f3n y bordados. Adem\u00e1s estamos especializados en tratamientos como la impregnaci\u00f3n, hidropelencia, anti-peeling, anti-slip, ecoclean, ecoresistant, formaldehidos como tambi\u00e9n en acabados diversos como calandrado, estampado y termofusible","breadcrumb":{"@id":"https:\/\/www.fytisa.com\/es\/mercados\/#breadcrumb"},"inLanguage":"es","potentialAction":[{"@type":"ReadAction","target":["https:\/\/www.fytisa.com\/es\/mercados\/"]}]},{"@type":"BreadcrumbList","@id":"https:\/\/www.fytisa.com\/es\/mercados\/#breadcrumb","itemListElement":[{"@type":"ListItem","position":1,"name":"Home","item":"https:\/\/www.fytisa.com\/es\/"},{"@type":"ListItem","position":2,"name":"MERCADOS"}]},{"@type":"WebSite","@id":"https:\/\/www.fytisa.com\/#website","url":"https:\/\/www.fytisa.com\/","name":"Fytisa","description":"Fieltros y tejidos industriales","potentialAction":[{"@type":"SearchAction","target":{"@type":"EntryPoint","urlTemplate":"https:\/\/www.fytisa.com\/?s={search_term_string}"},"query-input":{"@type":"PropertyValueSpecification","valueRequired":true,"valueName":"search_term_string"}}],"inLanguage":"es"}]}},"_links":{"self":[{"href":"https:\/\/www.fytisa.com\/es\/wp-json\/wp\/v2\/pages\/38"}],"collection":[{"href":"https:\/\/www.fytisa.com\/es\/wp-json\/wp\/v2\/pages"}],"about":[{"href":"https:\/\/www.fytisa.com\/es\/wp-json\/wp\/v2\/types\/page"}],"author":[{"embeddable":true,"href":"https:\/\/www.fytisa.com\/es\/wp-json\/wp\/v2\/users\/1"}],"replies":[{"embeddable":true,"href":"https:\/\/www.fytisa.com\/es\/wp-json\/wp\/v2\/comments?post=38"}],"version-history":[{"count":1,"href":"https:\/\/www.fytisa.com\/es\/wp-json\/wp\/v2\/pages\/38\/revisions"}],"predecessor-version":[{"id":39,"href":"https:\/\/www.fytisa.com\/es\/wp-json\/wp\/v2\/pages\/38\/revisions\/39"}],"wp:attachment":[{"href":"https:\/\/www.fytisa.com\/es\/wp-json\/wp\/v2\/media?parent=38"}],"curies":[{"name":"wp","href":"https:\/\/api.w.org\/{rel}","templated":true}]}}