{"id":28,"date":"2016-07-13T15:44:13","date_gmt":"2016-07-13T15:44:13","guid":{"rendered":"http:\/\/localhost:8888\/fytisa_web\/es\/?page_id=28"},"modified":"2016-07-18T10:51:26","modified_gmt":"2016-07-18T08:51:26","slug":"automovil","status":"publish","type":"page","link":"https:\/\/www.fytisa.com\/es\/automovil\/","title":{"rendered":"AUTOM\u00d3VIL"},"content":{"rendered":"","protected":false},"excerpt":{"rendered":"","protected":false},"author":1,"featured_media":0,"parent":0,"menu_order":0,"comment_status":"closed","ping_status":"closed","template":"page-automotive.php","meta":{"footnotes":""},"class_list":["post-28","page","type-page","status-publish","hentry"],"yoast_head":"<!-- This site is optimized with the Yoast SEO plugin v24.4 - https:\/\/yoast.com\/wordpress\/plugins\/seo\/ -->\n<title>AUTOM\u00d3VIL - Fytisa<\/title>\n<meta name=\"description\" content=\"FYTISA, Fieltros y Tejidos Industriales, empresa que dispone de la certificaci\u00f3n de calidad ISO 9001-2008, especializada en la comercializaci\u00f3n, fabricaci\u00f3n y venta de fieltros, notejidos punzonados, no-tejidos y tejidos industriales y t\u00e9cnicos sint\u00e9ticos (PES,PET,PP,VISC) para la automoci\u00f3n mayoritariament en poli\u00e9ster, posibilidad de acabados velour, printed (estampado), ignifugado, ign\u00edfugo, retardante a la llama ( TL1010, FMVSS302, M1). Nuestros decorativos est\u00e1n dise\u00f1ados para ser usados en el interior del autom\u00f3vil (trim parts), mayoritariamente en techos (headliner), bandejas (parcel shelf \/ package tray), pilares (pilars) y otros. Como fabricante de needle punched nonwoven, non-woven, fabric podemos producir de forma personalizada (customizada, a medida), suministrando en bobina, o formatos nuestra gama de productos t\u00e9cnicos industriales\" \/>\n<meta name=\"robots\" content=\"index, follow, max-snippet:-1, max-image-preview:large, max-video-preview:-1\" \/>\n<link rel=\"canonical\" href=\"https:\/\/www.fytisa.com\/es\/automovil\/\" \/>\n<meta property=\"og:locale\" content=\"es_ES\" \/>\n<meta property=\"og:type\" content=\"article\" \/>\n<meta property=\"og:title\" content=\"AUTOM\u00d3VIL - Fytisa\" \/>\n<meta property=\"og:description\" content=\"FYTISA, Fieltros y Tejidos Industriales, empresa que dispone de la certificaci\u00f3n de calidad ISO 9001-2008, especializada en la comercializaci\u00f3n, fabricaci\u00f3n y venta de fieltros, notejidos punzonados, no-tejidos y tejidos industriales y t\u00e9cnicos sint\u00e9ticos (PES,PET,PP,VISC) para la automoci\u00f3n mayoritariament en poli\u00e9ster, posibilidad de acabados velour, printed (estampado), ignifugado, ign\u00edfugo, retardante a la llama ( TL1010, FMVSS302, M1). Nuestros decorativos est\u00e1n dise\u00f1ados para ser usados en el interior del autom\u00f3vil (trim parts), mayoritariamente en techos (headliner), bandejas (parcel shelf \/ package tray), pilares (pilars) y otros. Como fabricante de needle punched nonwoven, non-woven, fabric podemos producir de forma personalizada (customizada, a medida), suministrando en bobina, o formatos nuestra gama de productos t\u00e9cnicos industriales\" \/>\n<meta property=\"og:url\" content=\"https:\/\/www.fytisa.com\/es\/automovil\/\" \/>\n<meta property=\"og:site_name\" content=\"Fytisa\" \/>\n<meta property=\"article:modified_time\" content=\"2016-07-18T08:51:26+00:00\" \/>\n<meta name=\"twitter:card\" content=\"summary_large_image\" \/>\n<script type=\"application\/ld+json\" class=\"yoast-schema-graph\">{\"@context\":\"https:\/\/schema.org\",\"@graph\":[{\"@type\":\"WebPage\",\"@id\":\"https:\/\/www.fytisa.com\/es\/automovil\/\",\"url\":\"https:\/\/www.fytisa.com\/es\/automovil\/\",\"name\":\"AUTOM\u00d3VIL - Fytisa\",\"isPartOf\":{\"@id\":\"https:\/\/www.fytisa.com\/#website\"},\"datePublished\":\"2016-07-13T15:44:13+00:00\",\"dateModified\":\"2016-07-18T08:51:26+00:00\",\"description\":\"FYTISA, Fieltros y Tejidos Industriales, empresa que dispone de la certificaci\u00f3n de calidad ISO 9001-2008, especializada en la comercializaci\u00f3n, fabricaci\u00f3n y venta de fieltros, notejidos punzonados, no-tejidos y tejidos industriales y t\u00e9cnicos sint\u00e9ticos (PES,PET,PP,VISC) para la automoci\u00f3n mayoritariament en poli\u00e9ster, posibilidad de acabados velour, printed (estampado), ignifugado, ign\u00edfugo, retardante a la llama ( TL1010, FMVSS302, M1). Nuestros decorativos est\u00e1n dise\u00f1ados para ser usados en el interior del autom\u00f3vil (trim parts), mayoritariamente en techos (headliner), bandejas (parcel shelf \/ package tray), pilares (pilars) y otros. Como fabricante de needle punched nonwoven, non-woven, fabric podemos producir de forma personalizada (customizada, a medida), suministrando en bobina, o formatos nuestra gama de productos t\u00e9cnicos industriales\",\"breadcrumb\":{\"@id\":\"https:\/\/www.fytisa.com\/es\/automovil\/#breadcrumb\"},\"inLanguage\":\"es\",\"potentialAction\":[{\"@type\":\"ReadAction\",\"target\":[\"https:\/\/www.fytisa.com\/es\/automovil\/\"]}]},{\"@type\":\"BreadcrumbList\",\"@id\":\"https:\/\/www.fytisa.com\/es\/automovil\/#breadcrumb\",\"itemListElement\":[{\"@type\":\"ListItem\",\"position\":1,\"name\":\"Home\",\"item\":\"https:\/\/www.fytisa.com\/es\/\"},{\"@type\":\"ListItem\",\"position\":2,\"name\":\"AUTOM\u00d3VIL\"}]},{\"@type\":\"WebSite\",\"@id\":\"https:\/\/www.fytisa.com\/#website\",\"url\":\"https:\/\/www.fytisa.com\/\",\"name\":\"Fytisa\",\"description\":\"Fieltros y tejidos industriales\",\"potentialAction\":[{\"@type\":\"SearchAction\",\"target\":{\"@type\":\"EntryPoint\",\"urlTemplate\":\"https:\/\/www.fytisa.com\/?s={search_term_string}\"},\"query-input\":{\"@type\":\"PropertyValueSpecification\",\"valueRequired\":true,\"valueName\":\"search_term_string\"}}],\"inLanguage\":\"es\"}]}<\/script>\n<!-- \/ Yoast SEO plugin. -->","yoast_head_json":{"title":"AUTOM\u00d3VIL - Fytisa","description":"FYTISA, Fieltros y Tejidos Industriales, empresa que dispone de la certificaci\u00f3n de calidad ISO 9001-2008, especializada en la comercializaci\u00f3n, fabricaci\u00f3n y venta de fieltros, notejidos punzonados, no-tejidos y tejidos industriales y t\u00e9cnicos sint\u00e9ticos (PES,PET,PP,VISC) para la automoci\u00f3n mayoritariament en poli\u00e9ster, posibilidad de acabados velour, printed (estampado), ignifugado, ign\u00edfugo, retardante a la llama ( TL1010, FMVSS302, M1). Nuestros decorativos est\u00e1n dise\u00f1ados para ser usados en el interior del autom\u00f3vil (trim parts), mayoritariamente en techos (headliner), bandejas (parcel shelf \/ package tray), pilares (pilars) y otros. Como fabricante de needle punched nonwoven, non-woven, fabric podemos producir de forma personalizada (customizada, a medida), suministrando en bobina, o formatos nuestra gama de productos t\u00e9cnicos industriales","robots":{"index":"index","follow":"follow","max-snippet":"max-snippet:-1","max-image-preview":"max-image-preview:large","max-video-preview":"max-video-preview:-1"},"canonical":"https:\/\/www.fytisa.com\/es\/automovil\/","og_locale":"es_ES","og_type":"article","og_title":"AUTOM\u00d3VIL - Fytisa","og_description":"FYTISA, Fieltros y Tejidos Industriales, empresa que dispone de la certificaci\u00f3n de calidad ISO 9001-2008, especializada en la comercializaci\u00f3n, fabricaci\u00f3n y venta de fieltros, notejidos punzonados, no-tejidos y tejidos industriales y t\u00e9cnicos sint\u00e9ticos (PES,PET,PP,VISC) para la automoci\u00f3n mayoritariament en poli\u00e9ster, posibilidad de acabados velour, printed (estampado), ignifugado, ign\u00edfugo, retardante a la llama ( TL1010, FMVSS302, M1). Nuestros decorativos est\u00e1n dise\u00f1ados para ser usados en el interior del autom\u00f3vil (trim parts), mayoritariamente en techos (headliner), bandejas (parcel shelf \/ package tray), pilares (pilars) y otros. Como fabricante de needle punched nonwoven, non-woven, fabric podemos producir de forma personalizada (customizada, a medida), suministrando en bobina, o formatos nuestra gama de productos t\u00e9cnicos industriales","og_url":"https:\/\/www.fytisa.com\/es\/automovil\/","og_site_name":"Fytisa","article_modified_time":"2016-07-18T08:51:26+00:00","twitter_card":"summary_large_image","schema":{"@context":"https:\/\/schema.org","@graph":[{"@type":"WebPage","@id":"https:\/\/www.fytisa.com\/es\/automovil\/","url":"https:\/\/www.fytisa.com\/es\/automovil\/","name":"AUTOM\u00d3VIL - Fytisa","isPartOf":{"@id":"https:\/\/www.fytisa.com\/#website"},"datePublished":"2016-07-13T15:44:13+00:00","dateModified":"2016-07-18T08:51:26+00:00","description":"FYTISA, Fieltros y Tejidos Industriales, empresa que dispone de la certificaci\u00f3n de calidad ISO 9001-2008, especializada en la comercializaci\u00f3n, fabricaci\u00f3n y venta de fieltros, notejidos punzonados, no-tejidos y tejidos industriales y t\u00e9cnicos sint\u00e9ticos (PES,PET,PP,VISC) para la automoci\u00f3n mayoritariament en poli\u00e9ster, posibilidad de acabados velour, printed (estampado), ignifugado, ign\u00edfugo, retardante a la llama ( TL1010, FMVSS302, M1). Nuestros decorativos est\u00e1n dise\u00f1ados para ser usados en el interior del autom\u00f3vil (trim parts), mayoritariamente en techos (headliner), bandejas (parcel shelf \/ package tray), pilares (pilars) y otros. Como fabricante de needle punched nonwoven, non-woven, fabric podemos producir de forma personalizada (customizada, a medida), suministrando en bobina, o formatos nuestra gama de productos t\u00e9cnicos industriales","breadcrumb":{"@id":"https:\/\/www.fytisa.com\/es\/automovil\/#breadcrumb"},"inLanguage":"es","potentialAction":[{"@type":"ReadAction","target":["https:\/\/www.fytisa.com\/es\/automovil\/"]}]},{"@type":"BreadcrumbList","@id":"https:\/\/www.fytisa.com\/es\/automovil\/#breadcrumb","itemListElement":[{"@type":"ListItem","position":1,"name":"Home","item":"https:\/\/www.fytisa.com\/es\/"},{"@type":"ListItem","position":2,"name":"AUTOM\u00d3VIL"}]},{"@type":"WebSite","@id":"https:\/\/www.fytisa.com\/#website","url":"https:\/\/www.fytisa.com\/","name":"Fytisa","description":"Fieltros y tejidos industriales","potentialAction":[{"@type":"SearchAction","target":{"@type":"EntryPoint","urlTemplate":"https:\/\/www.fytisa.com\/?s={search_term_string}"},"query-input":{"@type":"PropertyValueSpecification","valueRequired":true,"valueName":"search_term_string"}}],"inLanguage":"es"}]}},"_links":{"self":[{"href":"https:\/\/www.fytisa.com\/es\/wp-json\/wp\/v2\/pages\/28"}],"collection":[{"href":"https:\/\/www.fytisa.com\/es\/wp-json\/wp\/v2\/pages"}],"about":[{"href":"https:\/\/www.fytisa.com\/es\/wp-json\/wp\/v2\/types\/page"}],"author":[{"embeddable":true,"href":"https:\/\/www.fytisa.com\/es\/wp-json\/wp\/v2\/users\/1"}],"replies":[{"embeddable":true,"href":"https:\/\/www.fytisa.com\/es\/wp-json\/wp\/v2\/comments?post=28"}],"version-history":[{"count":1,"href":"https:\/\/www.fytisa.com\/es\/wp-json\/wp\/v2\/pages\/28\/revisions"}],"predecessor-version":[{"id":29,"href":"https:\/\/www.fytisa.com\/es\/wp-json\/wp\/v2\/pages\/28\/revisions\/29"}],"wp:attachment":[{"href":"https:\/\/www.fytisa.com\/es\/wp-json\/wp\/v2\/media?parent=28"}],"curies":[{"name":"wp","href":"https:\/\/api.w.org\/{rel}","templated":true}]}}